{"id":804,"date":"2013-03-04T19:58:07","date_gmt":"2013-03-04T19:58:07","guid":{"rendered":"http:\/\/prltap.org\/eng\/?page_id=804"},"modified":"2024-07-11T13:28:01","modified_gmt":"2024-07-11T17:28:01","slug":"collaborations-with-ciapr","status":"publish","type":"page","link":"https:\/\/prltap.org\/eng\/collaborations-with-ciapr\/","title":{"rendered":"CIAPR"},"content":{"rendered":"<p style=\"text-align: center;\">COLLABORATIONS WITH THE COLLEGE OF ENGINEERS AND SURVEYORS OF PUERTO RICO (CIAPR)<\/p>\n<p style=\"text-align: justify;\"><a href=\"http:\/\/ciapr.org\/ciapr.org\/\" target=\"_blank\" rel=\"noopener\">The College of Engineers and Surveyors of Puerto Rico<\/a> (CIAPR, by its abbreviation in Spanish) is a non-profit corporation established in 1938 to group the engineering and surveying professionals in the Commonwealth of Puerto Rico. The professionals involved in the CIAPR include surveyors, and civil, electrical, industrial, mechanic, chemical, and computer engineers. The mission of the CIAPR is to promote the development and protection of the engineering and surveying professions, fostering the ethics and excellence in the practice of the professions for the benefit of its members and the people of Puerto Rico.<\/p>\n<hr \/>\n<p style=\"text-align: center;\">AGREEMENT WITH THE CIAPR &#8211; MAYAG\u00dcEZ CHAPTER<\/p>\n<p><img data-recalc-dims=\"1\" loading=\"lazy\" decoding=\"async\" class=\"alignleft\" src=\"https:\/\/i0.wp.com\/prltap.org\/eng\/wp-content\/uploads\/2013\/03\/ciapr-colab.jpg?resize=465%2C362&#038;ssl=1\" width=\"465\" height=\"362\" \/><\/p>\n<p style=\"text-align: justify;\">On October 2, 2007 the PR-LTAP Center signed an agreement with the Mayag\u00fcez Chapter of the College of Engineers and Surveyors of Puerto Rico (CIAPR, by its abbreviation in Spanish) allowing the open participation of CIAPR members to the training seminar and workshops offered by the Center. This agreement results in benefits to Puerto Rico municipalities and local and state transportation agencies by training and maintaining professionals that serve them as consultants or contractors to the latest technologies and practices in the transportation field. The PR-LTAP Center is then allowed to use the CIAPR facilities at no cost for the offering of the training seminars and workshops.<\/p>\n<p style=\"text-align: justify;\"><a href=\"https:\/\/prltap.org\/eng\/wp-content\/uploads\/2013\/03\/AcuerdoCiapr.pdf\"><em>Click here to see the Collaborative Agreement<\/em><\/a><\/p>\n<p style=\"text-align: justify;\"><i><span style=\"font-size: 10px;\">Dr. Benjam\u00edn Colucci, Center Director at left, and Dr. Jaime Ben\u00edtez, CIAPR-Mayag\u00fcez President at\u00a0<\/span><\/i><i><span style=\"font-size: 10px;\">right, during the signing of the Collaborative Agreement.<\/span> <\/i><\/p>\n<hr \/>\n<p style=\"text-align: center;\">SECOND ENCOUNTER UPRM &#038; CIAPR<\/p>\n<p><img data-recalc-dims=\"1\" loading=\"lazy\" decoding=\"async\" class=\"alignright\" src=\"https:\/\/i0.wp.com\/prltap.org\/eng\/wp-content\/uploads\/2013\/03\/CIAPciapr-encentro.jpg?resize=400%2C267&#038;ssl=1\" width=\"400\" height=\"267\" \/><\/p>\n<p style=\"text-align: justify;\">On April 29, 2008 the Center collaborated with the <a href=\"http:\/\/ingenieria.uprm.edu\/inci\/\" target=\"_blank\" rel=\"noopener\">Department of Civil Engineering and Surveying of the University of Puerto Rico at Mayaguez<\/a> and the <a href=\"http:\/\/ciapr.org\/ciapr.org\/\" target=\"_blank\" rel=\"noopener\">College of Engineers and Surveyors of Puerto Rico<\/a> to plan and organize the Second Encounter between the two institutions. A series of presentations and talks were offered in English or Spanish during the Encounter.<\/p>\n<p style=\"text-align: justify;\"><a href=\"http:\/\/prt2.uprm.edu\/t2-eng_Gallery_ciapr.html\" target=\"_blank\" rel=\"noopener\"><em>Click here to see the Photo Gallery of the Second Encounter UPRM &#038; CIAPR<\/em><\/a><\/p>\n<p style=\"text-align: justify;\"><a href=\"https:\/\/prltap.org\/eng\/second-encounter-uprm-ciapr-presentations\/\"><em>Click here to see the presentations offered at the Second Encounter UPRM &#038; CIAPR<\/em><\/a><\/p>\n","protected":false},"excerpt":{"rendered":"<p>COLLABORATIONS WITH THE COLLEGE OF ENGINEERS AND SURVEYORS OF PUERTO RICO (CIAPR) The College of Engineers and Surveyors of Puerto Rico (CIAPR, by its abbreviation in Spanish) is a non-profit [&hellip;]<\/p>\n","protected":false},"author":14,"featured_media":0,"parent":0,"menu_order":0,"comment_status":"closed","ping_status":"closed","template":"","meta":{"iawp_total_views":37,"footnotes":""},"class_list":["post-804","page","type-page","status-publish","czr-hentry"],"jetpack_sharing_enabled":true,"jetpack_shortlink":"https:\/\/wp.me\/P3cvCB-cY","jetpack-related-posts":[{"id":413,"url":"https:\/\/prltap.org\/eng\/technical-presentations\/","url_meta":{"origin":804,"position":0},"title":"Presentations","author":"carlos","date":"28\/02\/2013","format":false,"excerpt":"Throughout the years that the Puerto Rico Transportation Technology Transfer Center has operated, the director and past directors have presented several technical presentations in different forums.\u00a0 Here you will find recent presentations that have been prepared or presented by the Center's directors or staff. Not all documents are available in\u2026","rel":"","context":"Similar post","block_context":{"text":"Similar post","link":""},"img":{"alt_text":"","src":"","width":0,"height":0},"classes":[]},{"id":6823,"url":"https:\/\/prltap.org\/eng\/second-encounter-uprm-ciapr-presentations\/","url_meta":{"origin":804,"position":1},"title":"Second Encounter UPRM &#038; CIAPR Presentations","author":"carlos","date":"10\/07\/2017","format":false,"excerpt":"Collaborators Name Presentation Eng. Rhonda Castillo \"Legislaci\u00f3n que Regula Nuestras Profesiones de Ingenier\u00eda y Agrimensura\" Eng. Jos\u00e9 Deliz \"La Educaci\u00f3n Continuada en las Profesiones de Ingenier\u00eda y Agrimensura\" Eng. Rodolfo Mangual \"Beneficios de la Colegiaci\u00f3n del CIAPR para los Ingenieros y Agrimensores\" Dr. George Cole Sea Level Measurement Mr. Dennis\u2026","rel":"","context":"Similar post","block_context":{"text":"Similar post","link":""},"img":{"alt_text":"","src":"","width":0,"height":0},"classes":[]},{"id":503,"url":"https:\/\/prltap.org\/eng\/technical-papers\/","url_meta":{"origin":804,"position":2},"title":"Papers","author":"carlos","date":"28\/02\/2013","format":false,"excerpt":"Throughout the years that the Puerto Rico Transportation Technology Transfer Center has operated, the Directors have presented several technical papers in different forums. \u00a0Here you will find some of the recent papers that have been prepared by our Center. Not all documents are available in english. 2017 Preliminary Before and\u2026","rel":"","context":"Similar post","block_context":{"text":"Similar post","link":""},"img":{"alt_text":"","src":"","width":0,"height":0},"classes":[]},{"id":1429,"url":"https:\/\/prltap.org\/eng\/contact-us\/","url_meta":{"origin":804,"position":3},"title":"Contact","author":"Pedro Villalta","date":"08\/03\/2013","format":false,"excerpt":"Contact Information Mailing Address: Phones and Fax Numbers: Puerto Rico Transportation Technology Transfer Center Civil Engineering and Surveying Department University of Puerto Rico - Mayag\u00fcez Campus P.O. Box 9000 Mayag\u00fcez, P.R. 00681-9000 Phone: 787-832-4040 \/ 265-3815 Ext. 3393 or 3403 Direct Phone: 787-834-6385 Fax: 787-265-5695 E-mail: Contact the Webmaster: grisel.villarubia1@upr.edu\u2026","rel":"","context":"Similar post","block_context":{"text":"Similar post","link":""},"img":{"alt_text":"","src":"","width":0,"height":0},"classes":[]},{"id":3836,"url":"https:\/\/prltap.org\/eng\/previous-ddetf-recipients-and-research-projects\/","url_meta":{"origin":804,"position":4},"title":"Previous DDETF Recipients and Research Projects","author":"Webmaster","date":"30\/01\/2014","format":false,"excerpt":"*Recipients of the DDETF Fellowship Program per academic year Year Name Discipline Research Topic 2021-22 Juan M. Gonz\u00e1lez L\u00f3pez Electrical and Computer Engineering Machine Learning Tool for Trip Forecasting in E-Scooter Sharing Service 2021-22 David J. Seda-Hern\u00e1ndez Business Administration Factors That Drives The Community Of University Of Puerto Rico \u2013\u2026","rel":"","context":"Similar post","block_context":{"text":"Similar post","link":""},"img":{"alt_text":"","src":"","width":0,"height":0},"classes":[]},{"id":420,"url":"https:\/\/prltap.org\/eng\/dde-fellowship\/destacada-participacion\/","url_meta":{"origin":804,"position":5},"title":"Outstanding Participation","author":"carlos","date":"28\/02\/2013","format":false,"excerpt":"Outstanding Participation of UPRM Students in the Annual Congress of Transportation in Washington, D. C A delegation of nine students and four professors of the Department of Civil Engineer and Surveying in the University of Puerto Rico in Mayaguez (UPRM) participated in the 89th Annual Conference Transportation Research Board (TRB)\u2026","rel":"","context":"Similar post","block_context":{"text":"Similar post","link":""},"img":{"alt_text":"","src":"https:\/\/i0.wp.com\/prltap.org\/eng\/wp-content\/uploads\/2013\/02\/desp1.jpg?resize=350%2C200","width":350,"height":200},"classes":[]}],"_links":{"self":[{"href":"https:\/\/prltap.org\/eng\/wp-json\/wp\/v2\/pages\/804","targetHints":{"allow":["GET"]}}],"collection":[{"href":"https:\/\/prltap.org\/eng\/wp-json\/wp\/v2\/pages"}],"about":[{"href":"https:\/\/prltap.org\/eng\/wp-json\/wp\/v2\/types\/page"}],"author":[{"embeddable":true,"href":"https:\/\/prltap.org\/eng\/wp-json\/wp\/v2\/users\/14"}],"replies":[{"embeddable":true,"href":"https:\/\/prltap.org\/eng\/wp-json\/wp\/v2\/comments?post=804"}],"version-history":[{"count":34,"href":"https:\/\/prltap.org\/eng\/wp-json\/wp\/v2\/pages\/804\/revisions"}],"predecessor-version":[{"id":12108,"href":"https:\/\/prltap.org\/eng\/wp-json\/wp\/v2\/pages\/804\/revisions\/12108"}],"wp:attachment":[{"href":"https:\/\/prltap.org\/eng\/wp-json\/wp\/v2\/media?parent=804"}],"curies":[{"name":"wp","href":"https:\/\/api.w.org\/{rel}","templated":true}]}}