{"id":788,"date":"2013-03-04T19:42:56","date_gmt":"2013-03-04T19:42:56","guid":{"rendered":"http:\/\/prltap.org\/eng\/?page_id=788"},"modified":"2024-07-11T13:25:58","modified_gmt":"2024-07-11T17:25:58","slug":"municipalities","status":"publish","type":"page","link":"https:\/\/prltap.org\/eng\/municipalities\/","title":{"rendered":"Municipalities"},"content":{"rendered":"<p align=\"center\">JOINT ACTIVITIES WITH MUNICIPALITIES<\/p>\n<p align=\"justify\">The Center had collaborated with Puerto Rico municipalities by offering\u00a0courses to address their needs. The following are examples of such courses.<\/p>\n<ul>\n<li><a style=\"font-size: medium; font-style: normal;\" href=\"https:\/\/prltap.org\/eng\/wp-content\/uploads\/2013\/03\/LimitesdeMunicipios.pdf\" target=\"_blank\" rel=\"noopener\">L\u00edmites de Municipios y Barrios a Establecerse con GP<\/a>\u00a0<span style=\"font-size: 12px;\">(spanish only)<\/span><\/li>\n<li><a style=\"font-size: medium; font-style: normal;\" href=\"https:\/\/prltap.org\/eng\/wp-content\/uploads\/2013\/03\/Actualizaci\u00f3ndeBases.pdf\" target=\"_blank\" rel=\"noopener\">Actualizaci\u00f3n de Bases de Datos y su Impacto en Sistemas de Informaci\u00f3n Geogr\u00e1ficos<\/a>\u00a0<span style=\"font-size: 12px;\">(spanish only)<\/span><\/li>\n<\/ul>\n<p align=\"justify\">The <a href=\"http:\/\/www.ocpr.gov.pr\/\" target=\"_blank\" rel=\"noopener\">Office of the Comptroller of Puerto Rico<\/a> held a one day training aimed to public works Directors, Subdirectors and Supervisors of all the municipalities in the <a href=\"http:\/\/cayey.upr.edu\/\" target=\"_blank\" rel=\"noopener\">University of Puerto Rico, Cayey Campus<\/a>. The PR Transportation Technology Transfer Center made a presentation about the services offered by the center and how the municipalities can benefit. Personnel from the Office of the Comptroller made presentations about administration procedures. You may see or download the presentations here. They are in Spanish and in PowerPoint format. If you don&#8217;t have PowerPoint installed, <em><a href=\"http:\/\/www.microsoft.com\/en-us\/download\/details.aspx?id=6\" target=\"_blank\" rel=\"noopener\"> click to download a PowerPoint Viewer<\/a>.<\/em><\/p>\n<table summary=\"Collaborators\">\n<caption>Collaborators<\/caption>\n<tbody>\n<tr>\n<td style=\"text-align: left;\" width=\"33%\"><strong>Name<\/strong>, Title<\/td>\n<td style=\"text-align: left;\" width=\"33%\"><strong>Company<\/strong><\/td>\n<td style=\"text-align: left;\" width=\"33%\"><strong>Presentation<\/strong><\/td>\n<\/tr>\n<tr>\n<td style=\"text-align: left;\"><strong>Lcdo. Abelardo Casanova<\/strong>, Legal Counselor<\/td>\n<td style=\"text-align: left;\">\u00a0Office of the Comptroller<\/td>\n<td style=\"text-align: left;\"><a href=\"https:\/\/prltap.org\/eng\/wp-content\/uploads\/2013\/03\/abelardo_casanova.ppt\">Los Funcionarios y Empleados P\u00fablicos en su Rol de Custodios de los Fondos y la Propiedad P\u00fablicos<\/a>\u00a0<span style=\"font-size: 12px;\">(spanish only)<\/span><\/td>\n<\/tr>\n<tr>\n<td style=\"text-align: left;\"><strong>Alberto Rentas Col\u00f3n<\/strong>, Audit Manager<\/td>\n<td style=\"text-align: left;\">\u00a0Municipality Audits Division<\/td>\n<td style=\"text-align: left;\"><a href=\"https:\/\/prltap.org\/eng\/wp-content\/uploads\/2013\/03\/alberto_rentas.ppt\">Hallazgos Comunes Detectados en las Operaciones de Obras P\u00fablicas Municipales<\/a>\u00a0<span style=\"font-size: 12px;\">(spanish only)<\/span><\/td>\n<\/tr>\n<tr>\n<td style=\"text-align: left;\"><strong>Herminio Berriors<\/strong>, Audit Manager<\/td>\n<td style=\"text-align: left;\">Municipality Audits Division<\/td>\n<td style=\"text-align: left;\"><a href=\"https:\/\/prltap.org\/eng\/wp-content\/uploads\/2013\/03\/herminio_berrios.ppt\">Funciones, Deberes y Aspectos Legales Relacionados al Departamento de Obras P\u00fablicas Municipal<\/a>\u00a0<span style=\"font-size: 12px;\">(spanish only)<\/span><\/td>\n<\/tr>\n<\/tbody>\n<\/table>\n","protected":false},"excerpt":{"rendered":"<p>JOINT ACTIVITIES WITH MUNICIPALITIES The Center had collaborated with Puerto Rico municipalities by offering\u00a0courses to address their needs. The following are examples of such courses. L\u00edmites de Municipios y Barrios [&hellip;]<\/p>\n","protected":false},"author":14,"featured_media":0,"parent":0,"menu_order":0,"comment_status":"closed","ping_status":"closed","template":"","meta":{"iawp_total_views":14,"footnotes":""},"class_list":["post-788","page","type-page","status-publish","czr-hentry"],"jetpack_sharing_enabled":true,"jetpack_shortlink":"https:\/\/wp.me\/P3cvCB-cI","jetpack-related-posts":[{"id":804,"url":"https:\/\/prltap.org\/eng\/collaborations-with-ciapr\/","url_meta":{"origin":788,"position":0},"title":"CIAPR","author":"carlos","date":"04\/03\/2013","format":false,"excerpt":"COLLABORATIONS WITH THE COLLEGE OF ENGINEERS AND SURVEYORS OF PUERTO RICO (CIAPR) The College of Engineers and Surveyors of Puerto Rico (CIAPR, by its abbreviation in Spanish) is a non-profit corporation established in 1938 to group the engineering and surveying professionals in the Commonwealth of Puerto Rico. The professionals involved\u2026","rel":"","context":"Similar post","block_context":{"text":"Similar post","link":""},"img":{"alt_text":"","src":"https:\/\/i0.wp.com\/prltap.org\/eng\/wp-content\/uploads\/2013\/03\/ciapr-colab.jpg?resize=350%2C200","width":350,"height":200},"classes":[]},{"id":413,"url":"https:\/\/prltap.org\/eng\/technical-presentations\/","url_meta":{"origin":788,"position":1},"title":"Presentations","author":"carlos","date":"28\/02\/2013","format":false,"excerpt":"Throughout the years that the Puerto Rico Transportation Technology Transfer Center has operated, the director and past directors have presented several technical presentations in different forums.\u00a0 Here you will find recent presentations that have been prepared or presented by the Center's directors or staff. Not all documents are available in\u2026","rel":"","context":"Similar post","block_context":{"text":"Similar post","link":""},"img":{"alt_text":"","src":"","width":0,"height":0},"classes":[]},{"id":3836,"url":"https:\/\/prltap.org\/eng\/previous-ddetf-recipients-and-research-projects\/","url_meta":{"origin":788,"position":2},"title":"Previous DDETF Recipients and Research Projects","author":"Webmaster","date":"30\/01\/2014","format":false,"excerpt":"*Recipients of the DDETF Fellowship Program per academic year Year Name Discipline Research Topic 2021-22 Juan M. Gonz\u00e1lez L\u00f3pez Electrical and Computer Engineering Machine Learning Tool for Trip Forecasting in E-Scooter Sharing Service 2021-22 David J. Seda-Hern\u00e1ndez Business Administration Factors That Drives The Community Of University Of Puerto Rico \u2013\u2026","rel":"","context":"Similar post","block_context":{"text":"Similar post","link":""},"img":{"alt_text":"","src":"","width":0,"height":0},"classes":[]},{"id":503,"url":"https:\/\/prltap.org\/eng\/technical-papers\/","url_meta":{"origin":788,"position":3},"title":"Papers","author":"carlos","date":"28\/02\/2013","format":false,"excerpt":"Throughout the years that the Puerto Rico Transportation Technology Transfer Center has operated, the Directors have presented several technical papers in different forums. \u00a0Here you will find some of the recent papers that have been prepared by our Center. Not all documents are available in english. 2017 Preliminary Before and\u2026","rel":"","context":"Similar post","block_context":{"text":"Similar post","link":""},"img":{"alt_text":"","src":"","width":0,"height":0},"classes":[]},{"id":1092,"url":"https:\/\/prltap.org\/eng\/dde-fellowship\/ddetf-recipients-2007-2008\/","url_meta":{"origin":788,"position":4},"title":"DDETF Recipients 2007-2008","author":"Webmaster","date":"06\/03\/2013","format":false,"excerpt":"Dwight David Eisenhower Transportation Fellowship Program Hispanic Serving Institutions Fellowship Program Recipients University of Puerto Rico at Mayaguez Name Research Topic (Abstracts) Academic Year\u00a0 2007-2008 click to send email Photo \u00a0 Mar\u00eda F. Alegr\u00eda Velasco Evaluation of Pedestrian Safety in School Zones in Puerto Rico Peter Morales Nieves Evaluation of\u2026","rel":"","context":"Similar post","block_context":{"text":"Similar post","link":""},"img":{"alt_text":"","src":"https:\/\/i0.wp.com\/prltap.org\/eng\/wp-content\/uploads\/2013\/03\/Maria-Fernanda-Small-e1362597104870.jpg?resize=350%2C200","width":350,"height":200},"classes":[]},{"id":1231,"url":"https:\/\/prltap.org\/eng\/dde-fellowship\/ddetf-recipients-2003-2004\/","url_meta":{"origin":788,"position":5},"title":"DDETF Recipients 2003-2004","author":"Webmaster","date":"06\/03\/2013","format":false,"excerpt":"Dwight David Eisenhower Transportation Fellowship Program Hispanic Serving Institutions Fellowship Program Recipients University of Puerto Rico at Mayaguez Name Research Topic (Abstracts) Academic Year\u00a0 2003-2004 Jasmi Alema\u00f1y Study of Signs Lynnette Alicea Analysis and Evaluation of Pedestrian Crashes in the Highways of Puerto Rico Kathleen Diaz Analysis and Evaluation of\u2026","rel":"","context":"Similar post","block_context":{"text":"Similar post","link":""},"img":{"alt_text":"","src":"","width":0,"height":0},"classes":[]}],"_links":{"self":[{"href":"https:\/\/prltap.org\/eng\/wp-json\/wp\/v2\/pages\/788","targetHints":{"allow":["GET"]}}],"collection":[{"href":"https:\/\/prltap.org\/eng\/wp-json\/wp\/v2\/pages"}],"about":[{"href":"https:\/\/prltap.org\/eng\/wp-json\/wp\/v2\/types\/page"}],"author":[{"embeddable":true,"href":"https:\/\/prltap.org\/eng\/wp-json\/wp\/v2\/users\/14"}],"replies":[{"embeddable":true,"href":"https:\/\/prltap.org\/eng\/wp-json\/wp\/v2\/comments?post=788"}],"version-history":[{"count":25,"href":"https:\/\/prltap.org\/eng\/wp-json\/wp\/v2\/pages\/788\/revisions"}],"predecessor-version":[{"id":12106,"href":"https:\/\/prltap.org\/eng\/wp-json\/wp\/v2\/pages\/788\/revisions\/12106"}],"wp:attachment":[{"href":"https:\/\/prltap.org\/eng\/wp-json\/wp\/v2\/media?parent=788"}],"curies":[{"name":"wp","href":"https:\/\/api.w.org\/{rel}","templated":true}]}}