{"id":503,"date":"2013-02-28T20:01:57","date_gmt":"2013-02-28T20:01:57","guid":{"rendered":"http:\/\/prltap.org\/eng\/?page_id=503"},"modified":"2024-06-26T12:05:13","modified_gmt":"2024-06-26T16:05:13","slug":"technical-papers","status":"publish","type":"page","link":"https:\/\/prltap.org\/eng\/technical-papers\/","title":{"rendered":"Papers"},"content":{"rendered":"\n<p>Throughout the years that the Puerto Rico Transportation Technology Transfer Center has operated, the Directors have presented several technical papers in different forums. &nbsp;Here you will find some of the recent papers that have been prepared by our Center.<\/p>\n\n\n\n<p>Not all documents are available in english.<\/p>\n\n\n\n<p class=\"has-text-align-center has-large-font-size\"><strong>2017<\/strong><\/p>\n\n\n\n<p><a href=\"https:\/\/prltap.org\/eng\/wp-content\/uploads\/2017\/10\/Paper-LACCEI-2017-Yanira-Colucci-Fabiola-y-Enrique-REV3.3.17.pdf\">Preliminary Before and After Speed Studies as a Tool to Assess The Effectiveness of Centerline Rumble Strips in Rural Roads<\/a>. 15th Annual Latin American and Caribbean Congress of Engineering Institutions (LACCEI), in Boca Rat\u00f3n, Florida, USA. July 19-21, 2017.<\/p>\n\n\n\n<p>&#8220;Simulador de Conducci\u00f3n para An\u00e1lisis de las Caracter\u00edsticas Geom\u00e9tricas y Operacionales del Peaje Din\u00e1mico de Puerto Rico de la PR-22&#8221;. 15th Annual Latin American and Caribbean Congress of Engineering Institutions (LACCEI), in Boca Rat\u00f3n, Florida, USA. July 19-21, 2017.<\/p>\n\n\n\n<p>Operational and Safety Analysis of Signage and Pavement Making Treatments in Puerto Rico Dynamic Toll Lane Using a Driving Simulator. 8th International Conference on Applied Human Factors and Ergonomics and the Affiliated Conferences (AHFE) 2017, in Los Angeles, California, USA. July 17-21, 2017.<\/p>\n\n\n\n<p>&#8220;Simuladores de Conducci\u00f3n como Herramienta de Investigaci\u00f3n en la Seguridad Vial&#8221;. 12th Colombian Congress of Transportation and Transit (CCTT) 2017. July 2017.<\/p>\n\n\n\n<p>Successful Implementation of the Puerto Rico Strategic Highway Safety Plan 2014-2018: Key Elements that Can be Adapted to the Caribbean Region. Safer Roads by DesignTM Caribbean Regional Congress, International Road Federation (IRF),&nbsp;in Montego Bay, Jamaica. May 18, 2017.<\/p>\n\n\n\n<p>A Comparative Analysis of Toll Plazas Safety Features in Puerto Rico and Massachusetts Using a Driving Simulator. The Transportation Research Board (TRB) 96th Annual Meeting. January 9, 2017.<\/p>\n\n\n\n<p>Operational and Safety Analysis of Signage and Pavement Making Treatments in Puerto Rico Dynamic Toll Lane Using a Driving Simulator. TRB 18-06230 P Submit.<\/p>\n\n\n\n<p class=\"has-text-align-center has-large-font-size\"><strong>2016<\/strong><\/p>\n\n\n\n<p>Driving Simulation of the Safety and Operation Performance at a Freeway Toll Plaza. Transportation Research Record: Journal of the Transportation Research Board, No. 2602, pp. 129\u2013137. 2016.<\/p>\n\n\n\n<p>Operational and Safety-based Analysis of Toll Plaza Signage Using Driving Simulation. Advances in Transportation Studies, No. 1, pp. 23\u201336. 2016.<\/p>\n\n\n\n<p>&#8220;Manejo de \u201cBig Data\u201d Aplicado a Estudios de Plazas de Peaje Utilizando un Simulador de Conducci\u00f3n&#8221;. Engineering Innovations for Global Sustainability: Proceedings of the 14th LACCEI International Multi-Conference for Engineering, Education and Technology. 2016.<\/p>\n\n\n\n<p class=\"has-text-align-center has-large-font-size\"><strong>2015<\/strong><\/p>\n\n\n\n<p><a href=\"https:\/\/prltap.org\/eng\/wp-content\/uploads\/2016\/04\/ICPPP2015_Dynamic-Toll-Lane-A-Success-Story-as-Part-of-the-Public-Private-Partnerships-in-the-Commomwealth-of-Puerto-Rico_FINAL.pdf\">Dynamic Toll Lane: A Success Story as Part of the of Public Private Partnerships in the Commonwealth of Puerto Rico<\/a>. Proceedings of the 2nd International Conference on Public-Private Partnerships, in Austin, Texas, USA. May 26-29, 2015.<\/p>\n\n\n\n<p>&#8220;<a href=\"https:\/\/prltap.org\/eng\/wp-content\/uploads\/2016\/04\/Evaluaci\u00f3n-de-la-Efectividad-de-Huellas-Sonoras-entre-Carriles-en-las-V\u00edas-Rurales-en-Puerto-Rico.pdf\">Evaluaci\u00f3n de la Efectividad de Huellas Sonoras entre Carriles en las V\u00edas Rurales en Puerto Rico<\/a>&#8220;. Second International Day of Mechanic, Electric and Industrial Engineering and related branches (JIMEI), in La Habana, Cuba. October 28-30, 2015.<\/p>\n\n\n\n<p class=\"has-text-align-center has-large-font-size\"><strong>2014<\/strong><\/p>\n\n\n\n<p><a href=\"https:\/\/prltap.org\/eng\/wp-content\/uploads\/2016\/04\/Paper_1st-IRF-Asia-Regional-Congress_Characterization-of-Pedestrian-Fatalities-in-Urban-Arterial-Corridor-in-Puerto-Rico.pdf\">Characterization of Pedestrian Fatalities in Urban Arterial Corridor in Puerto Rico<\/a>. 1st IRF Asia Regional Congress, in Bali, Indonesia. November 17-19, 2014.<\/p>\n\n\n\n<p><a href=\"https:\/\/prltap.org\/eng\/wp-content\/uploads\/2016\/04\/Paper_1stAsia_Regional_Congress-Rumble-Strips-for-Freeway-Applications-revised.pdf\">Development of Safety Performance Functions for Freeways in Puerto Rico<\/a>. 1st IRF Asia Regional Congress, in Bali, Indonesia. November 17-19, 2014.<\/p>\n\n\n\n<p>\u201c<a href=\"https:\/\/prltap.org\/eng\/wp-content\/uploads\/2016\/04\/ITHET_2005_Un-Nuevo-Enfoque-en-el-Desarrollo-de-Lideres-y-Profesionales.pdf\">Nuevo Enfoque en el Desarrollo Profesional de L\u00edderes en la Transportaci\u00f3n<\/a>\u201d. Engineering 2014: Latin America and Caribbean &#8211; Congress and Exposition, in Buenos Aires, Argentina. November 4-6, 2014.<\/p>\n\n\n\n<p>&#8220;<a href=\"https:\/\/prltap.org\/eng\/wp-content\/uploads\/2016\/04\/Programas-Innovadores-para-Promover-la-Seguridad-Vial-en-Pa\u00edses-Latinoamericanos-Plan-de-Accion-para-Puerto-Rico.pdf\">Programas Innovadores para Promover la Seguridad Vial en Pa\u00edses Latinoamericanos: Plan de Acci\u00f3n Aplicado a Puerto Rico<\/a>&#8220;. 4th Ibero-American Road Safety Congress (CISEV), in Canc\u00fan, Mexico. September 30 &#8211; October 2, 2014.<\/p>\n\n\n\n<p>\u201c<a href=\"https:\/\/prltap.org\/eng\/wp-content\/uploads\/2016\/04\/CISEV-Desarrollo-de-Modelos-de-Predicci\u00f3n-de-Choques.pdf\">Desarrollo de Modelos de Predicci\u00f3n de Choques Aplicables a Franjas Resonantes en Bermas en Autopistas<\/a>\u201d. 4th Ibero-American Road Safety Congress (CISEV), in Canc\u00fan, Mexico. September 30 &#8211; October 2, 2014.<\/p>\n\n\n\n<p><a href=\"https:\/\/prltap.org\/eng\/wp-content\/uploads\/2016\/04\/Abstract_iCEER-2014_Private-and-Public-Road-User-Awareness-and-Educational-Campaign-Supporting-the-Decade-of-Action-for-Road-Safety-in-Puerto-Rico.pdf\">Private and Public Road User Awareness and Educational Campaign Supporting the Decade of Action for Road Safety in Puerto Rico<\/a>. The International Conference on Engineering Education and Research (ICEER), in Hamilton, Canada. August 24-26, 2014.<\/p>\n\n\n\n<p><a href=\"https:\/\/prltap.org\/eng\/wp-content\/uploads\/2016\/04\/Paper-105_Development-of-Crash-Modification-Factors-for-Rumble-Strip-Treatment-for-Freeways-Applications.pdf\">Development of Crash Modification Factors for Rumble Strip Treatment for Freeway Applications: Phase I-Development of Safety Performance Functions<\/a>. 12th Annual Latin American and Caribbean Congress of Engineering Institutions (LACCEI), in Guayaquil, Ecuador. July 22-24, 2014.<\/p>\n\n\n\n<p><a href=\"https:\/\/prltap.org\/eng\/wp-content\/uploads\/2016\/04\/Paper-196_Analysis-of-Warm-Mix-Asphalt-Additives.pdf\">Analysis of Warm Mix Asphalt Additives<\/a>. 12th Annual Latin American and Caribbean Congress of Engineering Institutions (LACCEI), in Guayaquil, Ecuador. July 22-24, 2014.<\/p>\n\n\n\n<p>Characterization of Motor Vehicle-Pedestrian Fatalities in an Urban Arterial Corridor. National Local Technical Assistance Program Association Annual Meeting, in St. Louis, MO. July 20-24, 2014.<\/p>\n\n\n\n<p>Characterization of Motor Vehicle-Pedestrian Fatalities in an Urban Arterial Corridor. Transportation Research Board (TRB), in Washington, DC. January 14, 2014.<\/p>\n\n\n\n<p class=\"has-text-align-center has-large-font-size\"><strong>2013<\/strong><\/p>\n\n\n\n<p><a href=\"https:\/\/prltap.org\/eng\/wp-content\/uploads\/2013\/08\/2013-Pedestrian-Fatality-Characterization-in-the-Mayaguez-Metropolitan-Area-of-Puerto-Rico.pdf\">Pedestrian Fatality Characterization in the Mayaguez Metropolitan Area of Puerto Rico<\/a>\u201d. 11th Annual Latin American and Caribbean Congress of Engineering Institutions (LACCEI), in Cancun, Mexico. August 14-16, 2013.<\/p>\n\n\n\n<p><a href=\"https:\/\/prltap.org\/eng\/wp-content\/uploads\/2013\/08\/2013-Emerging-Programs-that-Stimulate-Road-Users-Awareness-as-Part-of-the-Decade-of-Action-for-Road-Safety-Initiatives-in-Puerto-Rico.pdf\">Emerging Programs that Stimulate Road Users Awareness as Part of the Decade of Action for Road Safety Initiatives in Puerto Rico<\/a>. ITE 2013 Technical Conference and Exhibit, in San Diego, California, USA. March 3\u20136, 2013.<\/p>\n\n\n\n<p class=\"has-text-align-center has-large-font-size\"><strong>2012<\/strong><\/p>\n\n\n\n<p><a href=\"https:\/\/prltap.org\/eng\/wp-content\/uploads\/2013\/08\/2012-Implementation-of-Safety-Edge-and-Warm-Mix-Asphalt-Technologies-in-Puerto-Rico-and-US-Virgin-Islands.pdf\">Implementation of Safety Edge and Warm Mix Asphalt Technologies in Puerto Rico and US Virgin Islands<\/a>. 10th Annual Latin American and Caribbean Congress of Engineering Institutions (LACCEI), in Panama City, Panama. July 27, 2012.<\/p>\n\n\n\n<p>\u201c<a href=\"https:\/\/prltap.org\/eng\/wp-content\/uploads\/2013\/08\/2012-Programas-Innovadores-parra-Crear-Concientizacion-en-la-Seguridad-Vial-en-Puerto-Rico.pdf\">Programas Innovadores para Crear Concientizaci\u00f3n en la Seguridad Vial en Puerto Rico<\/a>\u201d. 10th Annual Latin American and Caribbean Congress of Engineering Institutions (LACCEI), in Panama City, Panama. July 27, 2012.<\/p>\n\n\n\n<p>\u201c<a href=\"https:\/\/prltap.org\/eng\/wp-content\/uploads\/2013\/08\/2012-CISEV_Programas-Innovadores-para-Contribuir-a-la-Educacion-en-la-Seguridad-Vian-en-las-Vias-Publicas-de-Puerto-Rico.pdf\">Programas Innovadores para Contribuir a la Educaci\u00f3n en la Seguridad Vial en las V\u00edas P\u00fablicas de Puerto Rico<\/a>\u201d. 3rd Ibero-American Road Safety Conference (CISEV), in Bogot\u00e1, Colombia. June 12-16, 2012.<\/p>\n\n\n\n<p class=\"has-text-align-center has-large-font-size\"><strong>2011<\/strong><\/p>\n\n\n\n<p><a href=\"https:\/\/prltap.org\/eng\/wp-content\/uploads\/2013\/08\/2011-The-Role-of-the-Puerto-Rico-Transportation-Technology-Transfer-Center-in-the-Enhancement-of-Engineering-Education.pdf\">The Role of the Puerto Rico Transportation Technology Transfer Center in the Enhancement of Engineering Education<\/a>. 9th Annual Latin American and Caribbean Congress of Engineering Institutions (LACCEI), in Medell\u00edn, Colombia. August 3-5, 2011.<\/p>\n\n\n\n<p class=\"has-text-align-center has-large-font-size\"><strong>2010<\/strong><\/p>\n\n\n\n<p><a href=\"https:\/\/prltap.org\/eng\/?page_id=420\">Outstanding Participation of UPRM Students in the Annual Congress of Transportation<\/a>. Washington, D.C. January 2010. (<a href=\"http:\/\/www.uprm.edu\/news\/articles\/as2010017.html\">www.uprm.edu\/news\/articles\/as2010017.html<\/a>)<\/p>\n\n\n\n<p class=\"has-text-align-center has-large-font-size\"><strong>&nbsp;2008<\/strong><\/p>\n\n\n\n<p><a href=\"https:\/\/prltap.org\/eng\/wp-content\/uploads\/2013\/08\/2008-Roadway-Improvements-to-Increase-Motorcycle-Safety-in-Puerto-Rico.pdf\">Roadway Improvements to Increase Motorcycle Safety in Puerto Rico<\/a>. Dimensi\u00f3n: Journal of the College of Engineers and Surveyors of Puerto Rico (CIAPR).&nbsp;Puerto Rico. 2008.<\/p>\n\n\n\n<p><a href=\"https:\/\/prltap.org\/eng\/wp-content\/uploads\/2013\/08\/2008-Implementation-of-a-GPS-Based-Software-Tool-to-Conduct-Road-Inventory-and-Safety-Audits.pdf\">Implementation of a GPS-Based Software Tool to Conduct Road Inventory and Safety Audits<\/a>. 10th&nbsp;International Conference on Application of Advanced Technologies in Transportation (AATT), in&nbsp;Athens, Greece. 2008.<\/p>\n\n\n\n<p class=\"has-text-align-center has-large-font-size\"><strong>2007<\/strong><\/p>\n\n\n\n<p><a href=\"https:\/\/prltap.org\/eng\/wp-content\/uploads\/2013\/02\/PaperTheFirst20.pdf\">The First 20 Years of the Puerto Rico Transportation Technology Transfer Center in the Training of Engineers and Transportation Officials<\/a>. International Conference on Engineering Education (ICEE), in Coimbra, Portugal. 2007.<\/p>\n\n\n\n<p>Roadway Design Elements and Human Factors of Motorcycle Crashes in Puerto Rico. 5th&nbsp;Annual Latin American and Caribbean Congress of Engineering Institutions (LACCEI), in&nbsp;Tampico, Mexico. 2007.<\/p>\n\n\n\n<p><a href=\"https:\/\/prltap.org\/eng\/wp-content\/uploads\/2013\/02\/MotorcycleCrashes.pdf\">Motorcycle Crashes and its Implications to Local Roads<\/a>. Southeast Local Roads Conference (LTAP SELRC), in Orange Beach, Alabama. 2007.<\/p>\n\n\n\n<p class=\"has-text-align-center has-large-font-size\"><strong>2006<\/strong><\/p>\n\n\n\n<p><a href=\"https:\/\/prltap.org\/eng\/wp-content\/uploads\/2013\/02\/Relationship-Between-Road-Design.pdf\">Relationships between Road Design, Driver Behavior and Safety in Four-lane Highways<\/a>. 4th&nbsp;Annual Latin American and Caribbean Congress of Engineering Institutions (LACCEI), in&nbsp;Mayag\u00fcez, Puerto Rico. 2006.<\/p>\n\n\n\n<p>&#8220;<a href=\"https:\/\/prltap.org\/eng\/wp-content\/uploads\/2013\/02\/paperelconceptodeplanificaci\u00f3n.pdf\">El Concepto de la Planificaci\u00f3n y la Seguridad en las Carreteras<\/a>&#8220;. 1st Puerto Rican Road Safety Summit. Automobile Accident Compensation Administration (ACAA). (ACAA). Carolina, Puerto Rico. 2006.<\/p>\n\n\n\n<p>&#8220;<a href=\"https:\/\/prltap.org\/eng\/wp-content\/uploads\/2013\/02\/Sistema-de-Gerencia-en-Seguridad-Vial.pdf\">Sistema de Gerencia en Seguridad Vial: Integrando la Planificaci\u00f3n, el Dise\u00f1o Geom\u00e9trico y la Auditor\u00eda de las Carreteras<\/a>&#8220;. 1st Puerto Rican Road Safety Summit. Automobile Accident Compensation Administration (ACAA). Carolina, Puerto Rico. 2006.<\/p>\n\n\n\n<p class=\"has-text-align-center has-large-font-size\"><strong>&nbsp;2005<\/strong><\/p>\n\n\n\n<p>&#8220;<a href=\"https:\/\/prltap.org\/eng\/wp-content\/uploads\/2013\/02\/paperenfoqueeneldesarrollo.pdf\">Un Nuevo Enfoque en el Desarrollo de Lideres y Profesionales<\/a>&#8220;. 2005.<\/p>\n\n\n\n<p><a href=\"https:\/\/prltap.org\/eng\/wp-content\/uploads\/2013\/02\/paperanewapproach.pdf\">A New Approach For Transportation Technology Transfer and Professional Development<\/a>. 2005.<\/p>\n\n\n\n<p class=\"has-text-align-center\"><span style=\"font-size: 10px;\">*Copyright \u00a9 All rights reserved. No part of these publications may be reproduced, stored in a retrieval system, or transmitted, in any form or by any means, electronic, mechanical, photocopying, recording, or otherwise, without prior written permission of the author.<\/span><\/p>\n","protected":false},"excerpt":{"rendered":"<p>Throughout the years that the Puerto Rico Transportation Technology Transfer Center has operated, the Directors have presented several technical papers in different forums. &nbsp;Here you will find some of the [&hellip;]<\/p>\n","protected":false},"author":14,"featured_media":0,"parent":0,"menu_order":0,"comment_status":"closed","ping_status":"closed","template":"","meta":{"iawp_total_views":196,"footnotes":""},"class_list":["post-503","page","type-page","status-publish","czr-hentry"],"jetpack_sharing_enabled":true,"jetpack_shortlink":"https:\/\/wp.me\/P3cvCB-87","jetpack-related-posts":[{"id":2800,"url":"https:\/\/prltap.org\/eng\/2009-gallery\/pr-ltap-t2-center-anniversary\/","url_meta":{"origin":503,"position":0},"title":"PR LTAP-T2 CENTER ANNIVERSARY","author":"Webmaster","date":"05\/04\/2013","format":false,"excerpt":"PR LTAP-T2 Center Anniversary UPRM, Mayag\u00fcez April 1, 2009","rel":"","context":"Similar post","block_context":{"text":"Similar post","link":""},"img":{"alt_text":"","src":"https:\/\/i0.wp.com\/prltap.org\/eng\/wp-content\/uploads\/2013\/04\/DSC09455.jpg?resize=350%2C200","width":350,"height":200,"srcset":"https:\/\/i0.wp.com\/prltap.org\/eng\/wp-content\/uploads\/2013\/04\/DSC09455.jpg?resize=350%2C200 1x, https:\/\/i0.wp.com\/prltap.org\/eng\/wp-content\/uploads\/2013\/04\/DSC09455.jpg?resize=525%2C300 1.5x, https:\/\/i0.wp.com\/prltap.org\/eng\/wp-content\/uploads\/2013\/04\/DSC09455.jpg?resize=700%2C400 2x"},"classes":[]},{"id":804,"url":"https:\/\/prltap.org\/eng\/collaborations-with-ciapr\/","url_meta":{"origin":503,"position":1},"title":"CIAPR","author":"carlos","date":"04\/03\/2013","format":false,"excerpt":"COLLABORATIONS WITH THE COLLEGE OF ENGINEERS AND SURVEYORS OF PUERTO RICO (CIAPR) The College of Engineers and Surveyors of Puerto Rico (CIAPR, by its abbreviation in Spanish) is a non-profit corporation established in 1938 to group the engineering and surveying professionals in the Commonwealth of Puerto Rico. The professionals involved\u2026","rel":"","context":"Similar post","block_context":{"text":"Similar post","link":""},"img":{"alt_text":"","src":"https:\/\/i0.wp.com\/prltap.org\/eng\/wp-content\/uploads\/2013\/03\/ciapr-colab.jpg?resize=350%2C200","width":350,"height":200},"classes":[]},{"id":788,"url":"https:\/\/prltap.org\/eng\/municipalities\/","url_meta":{"origin":503,"position":2},"title":"Municipalities","author":"carlos","date":"04\/03\/2013","format":false,"excerpt":"JOINT ACTIVITIES WITH MUNICIPALITIES The Center had collaborated with Puerto Rico municipalities by offering\u00a0courses to address their needs. The following are examples of such courses. L\u00edmites de Municipios y Barrios a Establecerse con GP\u00a0(spanish only) Actualizaci\u00f3n de Bases de Datos y su Impacto en Sistemas de Informaci\u00f3n Geogr\u00e1ficos\u00a0(spanish only) The\u2026","rel":"","context":"Similar post","block_context":{"text":"Similar post","link":""},"img":{"alt_text":"","src":"","width":0,"height":0},"classes":[]},{"id":21,"url":"https:\/\/prltap.org\/eng\/","url_meta":{"origin":503,"position":3},"title":"Welcome to the Puerto Rico Transportation Technology Transfer Center Website","author":"Pedro Villalta","date":"25\/02\/2013","format":false,"excerpt":"","rel":"","context":"Similar post","block_context":{"text":"Similar post","link":""},"img":{"alt_text":"","src":"","width":0,"height":0},"classes":[]},{"id":183,"url":"https:\/\/prltap.org\/eng\/instructors\/","url_meta":{"origin":503,"position":4},"title":"Instructors","author":"carlos","date":"22\/02\/2013","format":false,"excerpt":"As part of our seminar program each year professionals collaborate with the center to offer seminars in transportation related topics. We've been assisted by the faculty of the University of Puerto Rico at Mayag\u00fcez (UPRM) and other professionals in the transportation field with their technical expertise and knowledge. As part\u2026","rel":"","context":"Similar post","block_context":{"text":"Similar post","link":""},"img":{"alt_text":"","src":"","width":0,"height":0},"classes":[]},{"id":6187,"url":"https:\/\/prltap.org\/eng\/materials-archive\/","url_meta":{"origin":503,"position":5},"title":"Materials Archive","author":"carlos","date":"19\/10\/2016","format":false,"excerpt":"In this page you will find the materials for the seminars offered in past years by the center. Wait some time for the webpage to load. How to download materials Click on the seminar title to open the folder. Click on the down arrow to open a dropdown menu. Click\u2026","rel":"","context":"Similar post","block_context":{"text":"Similar post","link":""},"img":{"alt_text":"","src":"","width":0,"height":0},"classes":[]}],"_links":{"self":[{"href":"https:\/\/prltap.org\/eng\/wp-json\/wp\/v2\/pages\/503","targetHints":{"allow":["GET"]}}],"collection":[{"href":"https:\/\/prltap.org\/eng\/wp-json\/wp\/v2\/pages"}],"about":[{"href":"https:\/\/prltap.org\/eng\/wp-json\/wp\/v2\/types\/page"}],"author":[{"embeddable":true,"href":"https:\/\/prltap.org\/eng\/wp-json\/wp\/v2\/users\/14"}],"replies":[{"embeddable":true,"href":"https:\/\/prltap.org\/eng\/wp-json\/wp\/v2\/comments?post=503"}],"version-history":[{"count":39,"href":"https:\/\/prltap.org\/eng\/wp-json\/wp\/v2\/pages\/503\/revisions"}],"predecessor-version":[{"id":11261,"href":"https:\/\/prltap.org\/eng\/wp-json\/wp\/v2\/pages\/503\/revisions\/11261"}],"wp:attachment":[{"href":"https:\/\/prltap.org\/eng\/wp-json\/wp\/v2\/media?parent=503"}],"curies":[{"name":"wp","href":"https:\/\/api.w.org\/{rel}","templated":true}]}}