{"id":420,"date":"2013-02-28T19:03:28","date_gmt":"2013-02-28T19:03:28","guid":{"rendered":"http:\/\/prltap.org\/eng\/?page_id=420"},"modified":"2013-08-15T12:08:52","modified_gmt":"2013-08-15T12:08:52","slug":"destacada-participacion","status":"publish","type":"page","link":"https:\/\/prltap.org\/eng\/dde-fellowship\/destacada-participacion\/","title":{"rendered":"Outstanding Participation"},"content":{"rendered":"<h1>Outstanding Participation of UPRM Students in the Annual Congress of Transportation in Washington, D. C<\/h1>\n<p style=\"text-align: justify;\">A delegation of nine students and four professors of the Department of Civil Engineer and Surveying in the University of Puerto Rico in Mayaguez (UPRM) participated in the 89<sup>th<\/sup> Annual Conference Transportation Research Board (TRB) performed in January 10-14, 2010 in the city of Washington, D. C. The presence of the students was sponsored by the Dwight Eisenhower Program for Scholarships in transportation from the Federal Highway Administration (FHWA).<\/p>\n<div>\n<p style=\"text-align: justify;\">The UPRM delegation was composed by two bachelor students, four students in master\u2019s degree and three doctor\u2019s degree in Civil Engineering. The UPRM students who received the Eisenhower Scholarship where: Carlos Calero, Jeanette Feliciano, Ivelisse Gorbea, Alvin Nieves, M\u00e1ximo Polanco, Zaida Rico, Lisa R\u00edos, Reinaldo Silvestry and Victor Uribe. The UPRM Professors, Benjam\u00edn Colucci (Interim Dean in Engineering), Ivette Cruzado, Alberto Figueroa (Eisenhower Scholarship Coordinator) and Miguel Pando participated in the conference.<\/p>\n<\/div>\n<p style=\"text-align: justify;\" align=\"justify\"><img data-recalc-dims=\"1\" loading=\"lazy\" decoding=\"async\" style=\"padding: 5px;\" alt=\"\" src=\"https:\/\/i0.wp.com\/prltap.org\/eng\/wp-content\/uploads\/2013\/02\/desp1.jpg?resize=272%2C174&#038;ssl=1\" width=\"272\" height=\"174\" align=\"left\" \/><\/p>\n<div>\n<p style=\"text-align: justify;\">The Eisenhower Scholarship in Transportation beneficiaries of the UPRM.\u00a0 In the photo starting from the left: Henry Murdaugh (Eisenhower Scholarship Program FHWA Administrator), Victor Uribe, Jaime Rivera (UPR- R\u00edo Piedras), M\u00e1ximo Polanco, Carlos Calero, Alvin Nieves, Reinaldo Silvestry, Zaida Rico, Jeanette Feliciano, Lisa R\u00edos, Ivelisse Gorbea and Prof. Benjam\u00edn Colucci (Interim Dean in Engineering).<\/p>\n<\/div>\n<p style=\"text-align: justify;\"><img data-recalc-dims=\"1\" loading=\"lazy\" decoding=\"async\" style=\"padding: 5px;\" alt=\"\" src=\"https:\/\/i0.wp.com\/prltap.org\/eng\/wp-content\/uploads\/2013\/02\/desp2.jpg?resize=272%2C174&#038;ssl=1\" width=\"272\" height=\"174\" align=\"right\" \/> The TRB Conference Gathers more the 10,000 transportation professionals annually and there is access to more than 3,000 presentations close to 600 sessions attending various topics, investigations and new developments in the transportation around the world. In addition from the technical program, the conference participants gain access to the hall of exhibitions where around 175 companies, consulters, federal agencies and state agencies demonstrated their innovated products and services related in transportation.<\/p>\n<div>\n<p style=\"text-align: justify;\">Two UPRM students presented in this conference their investigation project findings and conclusions. Zaida Rico presented her project <b><i>Organizational Factors in Transit Service <\/i><\/b>incorporated to the session <i>Innovative Doctoral Transportation Research<\/i> where they exposed investigation and innovation related to the transportation field done by students in their doctor\u2019s degree. Jeannette Feliciano presented her poster <b><i>Driver Eye Movement During Merging Maneuvers into Incoming Highway Traffic s<\/i><\/b>howing the results of the investigation taken place during her Exchange Summer Program between the university of Rhode Island and the UPRM. Both sessions where very busy and the UPRM students obtain their chance to talk to assistants and answer their questions about their findings and conclusions in the work; being both examples of the quality of our collage students.<\/p>\n<\/div>\n<p style=\"text-align: justify;\"><img data-recalc-dims=\"1\" loading=\"lazy\" decoding=\"async\" style=\"padding: 5px;\" alt=\"\" src=\"https:\/\/i0.wp.com\/prltap.org\/eng\/wp-content\/uploads\/2013\/02\/desp3.jpg?resize=200%2C225&#038;ssl=1\" width=\"200\" height=\"225\" align=\"left\" \/><\/p>\n<div>\n<p style=\"text-align: justify;\">Zaida Rico during the presentation of her investigation project Organizational Factors in Transit Services through the TRB session dedicated to innovated works of doctor\u2019s degree students in the transportation field.<\/p>\n<\/div>\n<p><br class=\"none\" \/><br class=\"none\" \/><br class=\"none\" \/><br class=\"none\" \/><br class=\"none\" \/><\/p>\n<p><img data-recalc-dims=\"1\" loading=\"lazy\" decoding=\"async\" style=\"padding: 5px;\" alt=\"\" src=\"https:\/\/i0.wp.com\/prltap.org\/eng\/wp-content\/uploads\/2013\/02\/desp4.jpg?resize=272%2C174&#038;ssl=1\" width=\"272\" height=\"174\" align=\"right\" \/><\/p>\n<div>\n<p style=\"text-align: justify;\">Jeannette Feliciano in front of her Poster showing the results and conclusions of her investigation project: <i>Driver Eye Movement during Merging Maneuvers into Incoming Highway Traffic.<\/i><\/p>\n<p>&nbsp;<\/p>\n<p style=\"text-align: justify;\">\n<\/div>\n<p style=\"text-align: justify;\"><img data-recalc-dims=\"1\" loading=\"lazy\" decoding=\"async\" style=\"padding: 5px;\" alt=\"\" src=\"https:\/\/i0.wp.com\/prltap.org\/eng\/wp-content\/uploads\/2013\/02\/desp5.jpg?resize=272%2C174&#038;ssl=1\" width=\"272\" height=\"174\" align=\"left\" \/><\/p>\n<div>\n<p style=\"text-align: justify;\">Jeannette Feliciano answering questions about her project and talking to professionals and other students in the transportation field during the poster session of the students who receive the Eisenhower Scholarship.<\/p>\n<p>&nbsp;<\/p>\n<\/div>\n<p>&nbsp;<\/p>\n<div>\n<p style=\"text-align: justify;\">Within the activities of the TRB conference, the UPRM students participated in the reception of the Institute of Transportation Engineer (ITE) headquarters. This activity included the participation of officers and members of the ITE and, also, of students from various universities. Where member of the ITE got their chance to share professional experience and show available opportunities for future engineer in the transportation field. The ITE is a professional association that counts with more than 17,000 members in 90 countries and is dedicated to advance solutions to the challenges nowadays in the transportation around the world. The UPRM counts with a ITE students chapter, composed by sub graduated and graduated students of the Department of Civil Engineering and Surveying.<\/p>\n<\/div>\n<p style=\"text-align: justify;\"><img data-recalc-dims=\"1\" loading=\"lazy\" decoding=\"async\" style=\"padding: 5px;\" alt=\"\" src=\"https:\/\/i0.wp.com\/prltap.org\/eng\/wp-content\/uploads\/2013\/02\/desp6.jpg?resize=272%2C195&#038;ssl=1\" width=\"272\" height=\"195\" align=\"left\" \/><\/p>\n<div>\n<p style=\"text-align: justify;\">Students and professors of the UPRM in the ITE Headquarter sharing with ITE officers and Federal Highway Administration (FHWA). In the photo starting from the left: Ivelisse Gorbea, H\u00e9ctor Santiago (FHWA), Liza R\u00edos, Reinaldo Silvestry, Paul Eng-Wong (president of the ITE international), Jeanette Feliciano, Zaida Rico, Ray Davis (ITE) and the professors Benjam\u00edn Colucci and Alberto Figueroa.<\/p>\n<\/div>\n<p style=\"text-align: justify;\">Similarly,\u00a0 the group of students from the UPRM got their chance to visit the facilities and laboratories of the Center of Research of Turner Fairbank Roads in the FHWA located in the city of McLean, Virginia. The Director of the office of Research and Infrastructure Development, Eng. Jorge P\u00e1gan Ortiz, accompanied the collage delegation in the visit to the four laboratories and the research of Turner Fairbank. This federal center of investigation is one of the most important in the American nation, counting with 24 laboratories were it develops advance researches in the road infrastructure of the United States. The research laboratories for the Turner Fairbank cover the specialties of safety road, pavements, structures, operations and intelligent systems of transportation, engineering materials and human factors. The UPRM group got their opportunity of knowing Investigators and Scientifics who are working in the Turner Fairbank and get acquainted with recent researches done in the center, with opportunities and challenges in the transportation investigation.<\/p>\n<p style=\"text-align: justify;\"><img data-recalc-dims=\"1\" loading=\"lazy\" decoding=\"async\" style=\"padding: 5px;\" alt=\"\" src=\"https:\/\/i0.wp.com\/prltap.org\/eng\/wp-content\/uploads\/2013\/02\/desp7.jpg?resize=272%2C195&#038;ssl=1\" width=\"272\" height=\"195\" align=\"left\" \/><\/p>\n<div>\n<p style=\"text-align: justify;\">UPRM students visiting the road drive simulator in the Human Centered System laboratory of Turner Fairbanks. The laboratory Director, Paul Tremont, explained to the students the use of an instrumented vehicle and the simulator. Also, he talked about recent safety experiments to evaluate the operation, interactions and behavior of drivers in new road designs under different situations.<\/p>\n<\/div>\n<p style=\"text-align: justify;\">In the Structure laboratory, the UPRM students got know about new materials experiments for the construction of bridges and about new forensic researches done in the structural elements of a bridge to identify and prevent future fails, like the one occurred in Minneapolis that caused the collapse of the Mississippi bridge in the road 1-35 in August 2007.<br class=\"none\" \/><br \/>\n<img data-recalc-dims=\"1\" loading=\"lazy\" decoding=\"async\" style=\"padding: 5px;\" alt=\"\" src=\"https:\/\/i0.wp.com\/prltap.org\/eng\/wp-content\/uploads\/2013\/02\/desp9.jpg?resize=272%2C195&#038;ssl=1\" width=\"272\" height=\"195\" align=\"left\" \/><span style=\"color: #000000;\">The visit to Hydraulic laboratory let the students talk to the Director, Kornel Kerenyi, about the researchers developed in the center, particularly those associated with bridge scour and Problems with structural elements of drainage in the highway.<\/span><\/p>\n<p>&nbsp;<\/p>\n<p>&nbsp;<\/p>\n<p style=\"text-align: justify;\"><img data-recalc-dims=\"1\" loading=\"lazy\" decoding=\"async\" style=\"padding: 5px;\" alt=\"\" src=\"https:\/\/i0.wp.com\/prltap.org\/eng\/wp-content\/uploads\/2013\/02\/desp10.jpg?resize=272%2C195&#038;ssl=1\" width=\"272\" height=\"195\" align=\"right\" \/>The UPRM students had their opportunity to visit the Federal Outdoor Impact Laboratory where they perform experiments to see impacts between vehicles and highway safety products. The students observed during their visit the results of a frontal impact done in the laboratory between a truck and a building protective barrier against terrorist.<\/p>\n<p style=\"text-align: justify;\">The Participation of students in the TRB conference lets them share with professionals and experts in transportation in an international level and be updated with researches, development and new challenges in transportation. This opportunity is obtained thanks to the Dwight D. Eisenhower Scholarship Program for the transportation of FHWA.<\/p>\n<p style=\"text-align: justify;\"><img data-recalc-dims=\"1\" loading=\"lazy\" decoding=\"async\" style=\"padding: 5px;\" alt=\"\" src=\"https:\/\/i0.wp.com\/prltap.org\/eng\/wp-content\/uploads\/2013\/02\/desp11.jpg?resize=272%2C195&#038;ssl=1\" width=\"272\" height=\"195\" align=\"left\" \/><\/p>\n<p style=\"text-align: justify;\">The UPRM participates in the scholarship program since 1994 having until now a total 76 students with scholarships. Approximately 150 of 200 students are chosen annually to receive the Eisenhower Scholarship in different universities in the United States. The FHWA Eisenhower Scholarship Program seeks to attract outstanding students to the field of transportation and promote to them the interest for the transportation as a professional career and in the same way continue graduated studies that will help them identify solutions to transportation problems. The students who receive the scholarship gain the benefit of payment of expenses to assist the annual TRB conference and they also can receive stipends to develop investigation project in transportation during the academic year. Another initiative of the Eisenhower Scholarship in the UPRM in the summer research internship where the students can transfer for 8 weeks summer to any university in the United States to work with other students and professors in investigations projects related to transportation. While other students from that university visit the University of Puerto Rico in Mayaguez to develop investigation project joined by UPRM students and professors.<\/p>\n<p style=\"text-align: justify;\">Transportation is one of the most important and dynamics field in the development of the economy in a city, region or country. If you are interested in transportation as a future professional career and you want to be part of a new generation of leaders and transportation experts that will provide solutions to the structure and transportation challenge at a local and global level, the Dwight D. Eisenhower Program of FHWA is your chance. The Scholarship program is not only orienting engineers, but is also orienting other disciplines related to transportation, like economy, management, administration, planning, social science, psychology, mathematics, computer science and others.<\/p>\n","protected":false},"excerpt":{"rendered":"<p>Outstanding Participation of UPRM Students in the Annual Congress of Transportation in Washington, D. C A delegation of nine students and four professors of the Department of Civil Engineer and [&hellip;]<\/p>\n","protected":false},"author":14,"featured_media":0,"parent":665,"menu_order":0,"comment_status":"closed","ping_status":"open","template":"sidebar-page.php","meta":{"iawp_total_views":18,"footnotes":""},"class_list":["post-420","page","type-page","status-publish","czr-hentry"],"jetpack_sharing_enabled":true,"jetpack_shortlink":"https:\/\/wp.me\/P3cvCB-6M","jetpack-related-posts":[{"id":804,"url":"https:\/\/prltap.org\/eng\/collaborations-with-ciapr\/","url_meta":{"origin":420,"position":0},"title":"CIAPR","author":"carlos","date":"04\/03\/2013","format":false,"excerpt":"COLLABORATIONS WITH THE COLLEGE OF ENGINEERS AND SURVEYORS OF PUERTO RICO (CIAPR) The College of Engineers and Surveyors of Puerto Rico (CIAPR, by its abbreviation in Spanish) is a non-profit corporation established in 1938 to group the engineering and surveying professionals in the Commonwealth of Puerto Rico. The professionals involved\u2026","rel":"","context":"Similar post","block_context":{"text":"Similar post","link":""},"img":{"alt_text":"","src":"https:\/\/i0.wp.com\/prltap.org\/eng\/wp-content\/uploads\/2013\/03\/ciapr-colab.jpg?resize=350%2C200","width":350,"height":200},"classes":[]},{"id":665,"url":"https:\/\/prltap.org\/eng\/dde-fellowship\/","url_meta":{"origin":420,"position":1},"title":"DDE Fellowship","author":"Webmaster","date":"05\/03\/2013","format":false,"excerpt":"DWIGHT\u00a0DAVID EISENHOWER\u00a0TRANSPORTATION\u00a0FELLOWSHIP\u00a0PROGRAM 2022-2023 FELLOWSHIP PROGRAM OPPORTUNITY Requirements\/Promo Students Information Sheet Application SF 424 UPRM - DDETFP 2022-2023 ORIENTATION RECORDING The Dwight David Eisenhower Transportation Fellowship Program (DDETFP) administered by the Center is funded by the United States Department of Transportation (USDOT). The DDE Transportation Fellowship Program is designed to: Attract\u2026","rel":"","context":"Similar post","block_context":{"text":"Similar post","link":""},"img":{"alt_text":"dde-logo-t","src":"https:\/\/i0.wp.com\/prltap.org\/eng\/wp-content\/uploads\/2013\/03\/DDE-logo-t.png?resize=350%2C200","width":350,"height":200},"classes":[]},{"id":413,"url":"https:\/\/prltap.org\/eng\/technical-presentations\/","url_meta":{"origin":420,"position":2},"title":"Presentations","author":"carlos","date":"28\/02\/2013","format":false,"excerpt":"Throughout the years that the Puerto Rico Transportation Technology Transfer Center has operated, the director and past directors have presented several technical presentations in different forums.\u00a0 Here you will find recent presentations that have been prepared or presented by the Center's directors or staff. Not all documents are available in\u2026","rel":"","context":"Similar post","block_context":{"text":"Similar post","link":""},"img":{"alt_text":"","src":"","width":0,"height":0},"classes":[]},{"id":503,"url":"https:\/\/prltap.org\/eng\/technical-papers\/","url_meta":{"origin":420,"position":3},"title":"Papers","author":"carlos","date":"28\/02\/2013","format":false,"excerpt":"Throughout the years that the Puerto Rico Transportation Technology Transfer Center has operated, the Directors have presented several technical papers in different forums. \u00a0Here you will find some of the recent papers that have been prepared by our Center. Not all documents are available in english. 2017 Preliminary Before and\u2026","rel":"","context":"Similar post","block_context":{"text":"Similar post","link":""},"img":{"alt_text":"","src":"","width":0,"height":0},"classes":[]},{"id":6823,"url":"https:\/\/prltap.org\/eng\/second-encounter-uprm-ciapr-presentations\/","url_meta":{"origin":420,"position":4},"title":"Second Encounter UPRM &#038; CIAPR Presentations","author":"carlos","date":"10\/07\/2017","format":false,"excerpt":"Collaborators Name Presentation Eng. Rhonda Castillo \"Legislaci\u00f3n que Regula Nuestras Profesiones de Ingenier\u00eda y Agrimensura\" Eng. Jos\u00e9 Deliz \"La Educaci\u00f3n Continuada en las Profesiones de Ingenier\u00eda y Agrimensura\" Eng. Rodolfo Mangual \"Beneficios de la Colegiaci\u00f3n del CIAPR para los Ingenieros y Agrimensores\" Dr. George Cole Sea Level Measurement Mr. Dennis\u2026","rel":"","context":"Similar post","block_context":{"text":"Similar post","link":""},"img":{"alt_text":"","src":"","width":0,"height":0},"classes":[]},{"id":183,"url":"https:\/\/prltap.org\/eng\/instructors\/","url_meta":{"origin":420,"position":5},"title":"Instructors","author":"carlos","date":"22\/02\/2013","format":false,"excerpt":"As part of our seminar program each year professionals collaborate with the center to offer seminars in transportation related topics. We've been assisted by the faculty of the University of Puerto Rico at Mayag\u00fcez (UPRM) and other professionals in the transportation field with their technical expertise and knowledge. As part\u2026","rel":"","context":"Similar post","block_context":{"text":"Similar post","link":""},"img":{"alt_text":"","src":"","width":0,"height":0},"classes":[]}],"_links":{"self":[{"href":"https:\/\/prltap.org\/eng\/wp-json\/wp\/v2\/pages\/420","targetHints":{"allow":["GET"]}}],"collection":[{"href":"https:\/\/prltap.org\/eng\/wp-json\/wp\/v2\/pages"}],"about":[{"href":"https:\/\/prltap.org\/eng\/wp-json\/wp\/v2\/types\/page"}],"author":[{"embeddable":true,"href":"https:\/\/prltap.org\/eng\/wp-json\/wp\/v2\/users\/14"}],"replies":[{"embeddable":true,"href":"https:\/\/prltap.org\/eng\/wp-json\/wp\/v2\/comments?post=420"}],"version-history":[{"count":37,"href":"https:\/\/prltap.org\/eng\/wp-json\/wp\/v2\/pages\/420\/revisions"}],"predecessor-version":[{"id":462,"href":"https:\/\/prltap.org\/eng\/wp-json\/wp\/v2\/pages\/420\/revisions\/462"}],"up":[{"embeddable":true,"href":"https:\/\/prltap.org\/eng\/wp-json\/wp\/v2\/pages\/665"}],"wp:attachment":[{"href":"https:\/\/prltap.org\/eng\/wp-json\/wp\/v2\/media?parent=420"}],"curies":[{"name":"wp","href":"https:\/\/api.w.org\/{rel}","templated":true}]}}