{"id":21,"date":"2013-02-25T19:31:15","date_gmt":"2013-02-25T19:31:15","guid":{"rendered":"http:\/\/prltap.org\/eng\/?page_id=21"},"modified":"2024-07-12T13:29:29","modified_gmt":"2024-07-12T17:29:29","slug":"home","status":"publish","type":"page","link":"https:\/\/prltap.org\/eng\/","title":{"rendered":"Welcome to the Puerto Rico Transportation Technology Transfer Center Website"},"content":{"rendered":"","protected":false},"excerpt":{"rendered":"","protected":false},"author":18,"featured_media":0,"parent":0,"menu_order":0,"comment_status":"closed","ping_status":"closed","template":"","meta":{"iawp_total_views":20335,"footnotes":""},"class_list":["post-21","page","type-page","status-publish","czr-hentry"],"jetpack_sharing_enabled":true,"jetpack_shortlink":"https:\/\/wp.me\/P3cvCB-l","jetpack-related-posts":[{"id":503,"url":"https:\/\/prltap.org\/eng\/technical-papers\/","url_meta":{"origin":21,"position":0},"title":"Papers","author":"carlos","date":"28\/02\/2013","format":false,"excerpt":"Throughout the years that the Puerto Rico Transportation Technology Transfer Center has operated, the Directors have presented several technical papers in different forums. \u00a0Here you will find some of the recent papers that have been prepared by our Center. Not all documents are available in english. 2017 Preliminary Before and\u2026","rel":"","context":"Similar post","block_context":{"text":"Similar post","link":""},"img":{"alt_text":"","src":"","width":0,"height":0},"classes":[]},{"id":413,"url":"https:\/\/prltap.org\/eng\/technical-presentations\/","url_meta":{"origin":21,"position":1},"title":"Presentations","author":"carlos","date":"28\/02\/2013","format":false,"excerpt":"Throughout the years that the Puerto Rico Transportation Technology Transfer Center has operated, the director and past directors have presented several technical presentations in different forums.\u00a0 Here you will find recent presentations that have been prepared or presented by the Center's directors or staff. Not all documents are available in\u2026","rel":"","context":"Similar post","block_context":{"text":"Similar post","link":""},"img":{"alt_text":"","src":"","width":0,"height":0},"classes":[]},{"id":1429,"url":"https:\/\/prltap.org\/eng\/contact-us\/","url_meta":{"origin":21,"position":2},"title":"Contact","author":"Pedro Villalta","date":"08\/03\/2013","format":false,"excerpt":"Contact Information Mailing Address: Phones and Fax Numbers: Puerto Rico Transportation Technology Transfer Center Civil Engineering and Surveying Department University of Puerto Rico - Mayag\u00fcez Campus P.O. Box 9000 Mayag\u00fcez, P.R. 00681-9000 Phone: 787-832-4040 \/ 265-3815 Ext. 3393 or 3403 Direct Phone: 787-834-6385 Fax: 787-265-5695 E-mail: Contact the Webmaster: grisel.villarubia1@upr.edu\u2026","rel":"","context":"Similar post","block_context":{"text":"Similar post","link":""},"img":{"alt_text":"","src":"","width":0,"height":0},"classes":[]},{"id":788,"url":"https:\/\/prltap.org\/eng\/municipalities\/","url_meta":{"origin":21,"position":3},"title":"Municipalities","author":"carlos","date":"04\/03\/2013","format":false,"excerpt":"JOINT ACTIVITIES WITH MUNICIPALITIES The Center had collaborated with Puerto Rico municipalities by offering\u00a0courses to address their needs. The following are examples of such courses. L\u00edmites de Municipios y Barrios a Establecerse con GP\u00a0(spanish only) Actualizaci\u00f3n de Bases de Datos y su Impacto en Sistemas de Informaci\u00f3n Geogr\u00e1ficos\u00a0(spanish only) The\u2026","rel":"","context":"Similar post","block_context":{"text":"Similar post","link":""},"img":{"alt_text":"","src":"","width":0,"height":0},"classes":[]},{"id":804,"url":"https:\/\/prltap.org\/eng\/collaborations-with-ciapr\/","url_meta":{"origin":21,"position":4},"title":"CIAPR","author":"carlos","date":"04\/03\/2013","format":false,"excerpt":"COLLABORATIONS WITH THE COLLEGE OF ENGINEERS AND SURVEYORS OF PUERTO RICO (CIAPR) The College of Engineers and Surveyors of Puerto Rico (CIAPR, by its abbreviation in Spanish) is a non-profit corporation established in 1938 to group the engineering and surveying professionals in the Commonwealth of Puerto Rico. The professionals involved\u2026","rel":"","context":"Similar post","block_context":{"text":"Similar post","link":""},"img":{"alt_text":"","src":"https:\/\/i0.wp.com\/prltap.org\/eng\/wp-content\/uploads\/2013\/03\/ciapr-colab.jpg?resize=350%2C200","width":350,"height":200},"classes":[]},{"id":59,"url":"https:\/\/prltap.org\/eng\/every-day-counts-old\/united-states-virgin-islands\/","url_meta":{"origin":21,"position":5},"title":"United States Virgin Islands","author":"carlos","date":"22\/02\/2013","format":false,"excerpt":"Virgin Islands (USVI) is a group of islands in the Caribbean made up of over 50 small islands. The USVI are an insular area of the United States. The islands are\u00a0geographically part of the Virgin Islands archipelago and are located in the Leeward Islands of the Lesser Antilles. There are\u2026","rel":"","context":"Similar post","block_context":{"text":"Similar post","link":""},"img":{"alt_text":"virgin-islands-flag","src":"https:\/\/i0.wp.com\/prltap.org\/esp\/wp-content\/uploads\/2016\/12\/virgin-islands-transparent.gif?resize=350%2C200","width":350,"height":200},"classes":[]}],"_links":{"self":[{"href":"https:\/\/prltap.org\/eng\/wp-json\/wp\/v2\/pages\/21","targetHints":{"allow":["GET"]}}],"collection":[{"href":"https:\/\/prltap.org\/eng\/wp-json\/wp\/v2\/pages"}],"about":[{"href":"https:\/\/prltap.org\/eng\/wp-json\/wp\/v2\/types\/page"}],"author":[{"embeddable":true,"href":"https:\/\/prltap.org\/eng\/wp-json\/wp\/v2\/users\/18"}],"replies":[{"embeddable":true,"href":"https:\/\/prltap.org\/eng\/wp-json\/wp\/v2\/comments?post=21"}],"version-history":[{"count":41,"href":"https:\/\/prltap.org\/eng\/wp-json\/wp\/v2\/pages\/21\/revisions"}],"predecessor-version":[{"id":12128,"href":"https:\/\/prltap.org\/eng\/wp-json\/wp\/v2\/pages\/21\/revisions\/12128"}],"wp:attachment":[{"href":"https:\/\/prltap.org\/eng\/wp-json\/wp\/v2\/media?parent=21"}],"curies":[{"name":"wp","href":"https:\/\/api.w.org\/{rel}","templated":true}]}}